{"id":67,"date":"2021-10-25T12:03:05","date_gmt":"2021-10-25T12:03:05","guid":{"rendered":"https:\/\/louruizma.com\/?page_id=67"},"modified":"2023-04-15T20:18:06","modified_gmt":"2023-04-15T20:18:06","slug":"about-me","status":"publish","type":"page","link":"https:\/\/louruizma.com\/?page_id=67","title":{"rendered":"Sobre m\u00ed"},"content":{"rendered":"\n<p>Mis or\u00edgenes en la <strong>administraci\u00f3n p\u00fablica<\/strong> me han ense\u00f1ado a <strong>empatizar<\/strong> con la gente, saber escucharlos y entender sus necesidades, asimismo, como <strong>responsable de varios departamentos<\/strong> y junto con mis<strong> dotes organizativos<\/strong> he desarrollado mi trabajo de manera estructurada y met\u00f3dica. Peeero&#8230; es un sector muy tradicional y poco flexible, sin posibilidad de innovar. Necesitaba un <strong>reto intelectual mayor<\/strong>, salir de mi zona de confort.<\/p>\n\n\n\n<blockquote class=\"wp-block-quote has-text-align-center is-layout-flow wp-block-quote-is-layout-flow\">\n<p><strong><em>Cada tic-tac es un segundo de la vida que pasa, huye, y no se repite.<\/em><\/strong><\/p>\n<cite>Frida Kahlo.<\/cite><\/blockquote>\n\n\n\n<p>Es hora de dar un giro a mi carrera profesional. Decidida hice el <strong>bootcamp de dise\u00f1o UX\/UI de Ironhack en Madrid<\/strong>. Pens\u00e9 que mi perfil podr\u00eda ser adecuado, <strong>disfruto buscando soluciones<\/strong> digitales a problemas reales, utilizando mi parte m\u00e1s l\u00f3gica y met\u00f3dica durante el proceso de research y la creativa en el dise\u00f1o de interfaces. <\/p>\n\n\n\n<p>Exprim\u00ed cada minuto de la experiencia, y result\u00e9&#8230; <strong>Ganadora del Hackshow de noviembre del 2021 por mi proyecto final <a rel=\"noreferrer noopener\" href=\"https:\/\/louruizma.com\/2021\/12\/01\/cinex\/\" target=\"_blank\">Cinex<\/a>.<\/strong><\/p>\n\n\n\n<h5 class=\"wp-block-heading alignwide has-text-align-center has-regular-font-size\" id=\"asi-que-puedo-decir-que-consegui-mi-objetivo-ser-disenadora-ux-ui\"><strong>As\u00ed que puedo decir que consegu\u00ed mi objetivo: ser UX\/UI designer.<\/strong><\/h5>\n\n\n\n<h5 class=\"wp-block-heading alignwide has-text-align-center has-larger-font-size\" id=\"quieres-saber-mas-hablemos\"><strong>\u00bfQuieres saber m\u00e1s? \u00a1Hablemos!<\/strong><\/h5>\n\n\n\n<div class=\"wp-block-buttons alignfull is-horizontal is-content-justification-center is-layout-flex wp-container-core-buttons-is-layout-499968f5 wp-block-buttons-is-layout-flex\">\n<div class=\"wp-block-button has-custom-width wp-block-button__width-25 is-style-fill\"><a class=\"wp-block-button__link has-white-color has-dark-gray-background-color has-text-color has-background wp-element-button\" href=\"https:\/\/drive.google.com\/file\/d\/1O0i74uJH4aKr6Was-S9cJWpbVyoaQ6Lz\/view?usp=share_link\" target=\"_blank\" rel=\"noreferrer noopener\">Ver CV<\/a><\/div>\n\n\n\n<div class=\"wp-block-button has-custom-width wp-block-button__width-25 is-style-fill\"><a class=\"wp-block-button__link has-white-color has-dark-gray-background-color has-text-color has-background wp-element-button\" href=\"https:\/\/louruizma.com\/contacto\/\">Contacto<\/a><\/div>\n<\/div>\n\n\n\n<div class=\"wp-block-columns alignfull is-layout-flex wp-container-core-columns-is-layout-9d6595d7 wp-block-columns-is-layout-flex\">\n<div class=\"wp-block-column is-layout-flow wp-block-column-is-layout-flow\" style=\"flex-basis:100%\"><\/div>\n<\/div>\n\n\n\n<ul class=\"wp-block-social-links has-large-icon-size has-icon-color has-icon-background-color is-style-default is-content-justification-center is-layout-flex wp-container-core-social-links-is-layout-16018d1d wp-block-social-links-is-layout-flex\"><li style=\"color:#000;background-color:#e4e4e4;\" class=\"wp-social-link wp-social-link-mail has-black-color wp-block-social-link\"><a rel=\"noopener nofollow\" target=\"_blank\" href=\"mailto:&#108;o&#117;.ruizm&#097;&#064;&#103;&#109;&#097;&#105;l.&#099;&#111;&#109;\" class=\"wp-block-social-link-anchor\"><svg width=\"24\" height=\"24\" viewBox=\"0 0 24 24\" version=\"1.1\" xmlns=\"http:\/\/www.w3.org\/2000\/svg\" aria-hidden=\"true\" focusable=\"false\"><path d=\"M19,5H5c-1.1,0-2,.9-2,2v10c0,1.1.9,2,2,2h14c1.1,0,2-.9,2-2V7c0-1.1-.9-2-2-2zm.5,12c0,.3-.2.5-.5.5H5c-.3,0-.5-.2-.5-.5V9.8l7.5,5.6,7.5-5.6V17zm0-9.1L12,13.6,4.5,7.9V7c0-.3.2-.5.5-.5h14c.3,0,.5.2.5.5v.9z\"><\/path><\/svg><span class=\"wp-block-social-link-label screen-reader-text\">Correo electr\u00f3nico<\/span><\/a><\/li>\n\n<li style=\"color:#000;background-color:#e4e4e4;\" class=\"wp-social-link wp-social-link-linkedin has-black-color wp-block-social-link\"><a rel=\"noopener nofollow\" target=\"_blank\" href=\"https:\/\/www.linkedin.com\/in\/louruizma\/\" class=\"wp-block-social-link-anchor\"><svg width=\"24\" height=\"24\" viewBox=\"0 0 24 24\" version=\"1.1\" xmlns=\"http:\/\/www.w3.org\/2000\/svg\" aria-hidden=\"true\" focusable=\"false\"><path d=\"M19.7,3H4.3C3.582,3,3,3.582,3,4.3v15.4C3,20.418,3.582,21,4.3,21h15.4c0.718,0,1.3-0.582,1.3-1.3V4.3 C21,3.582,20.418,3,19.7,3z M8.339,18.338H5.667v-8.59h2.672V18.338z M7.004,8.574c-0.857,0-1.549-0.694-1.549-1.548 c0-0.855,0.691-1.548,1.549-1.548c0.854,0,1.547,0.694,1.547,1.548C8.551,7.881,7.858,8.574,7.004,8.574z M18.339,18.338h-2.669 v-4.177c0-0.996-0.017-2.278-1.387-2.278c-1.389,0-1.601,1.086-1.601,2.206v4.249h-2.667v-8.59h2.559v1.174h0.037 c0.356-0.675,1.227-1.387,2.526-1.387c2.703,0,3.203,1.779,3.203,4.092V18.338z\"><\/path><\/svg><span class=\"wp-block-social-link-label screen-reader-text\">LinkedIn<\/span><\/a><\/li>\n\n<li style=\"color:#000;background-color:#e4e4e4;\" class=\"wp-social-link wp-social-link-medium has-black-color wp-block-social-link\"><a rel=\"noopener nofollow\" target=\"_blank\" href=\"https:\/\/lou-ruizma.medium.com\/\" class=\"wp-block-social-link-anchor\"><svg width=\"24\" height=\"24\" viewBox=\"0 0 24 24\" version=\"1.1\" xmlns=\"http:\/\/www.w3.org\/2000\/svg\" aria-hidden=\"true\" focusable=\"false\"><path d=\"M13.2,12c0,3-2.4,5.4-5.3,5.4S2.6,15,2.6,12s2.4-5.4,5.3-5.4S13.2,9,13.2,12 M19.1,12c0,2.8-1.2,5-2.7,5s-2.7-2.3-2.7-5s1.2-5,2.7-5C17.9,7,19.1,9.2,19.1,12 M21.4,12c0,2.5-0.4,4.5-0.9,4.5c-0.5,0-0.9-2-0.9-4.5s0.4-4.5,0.9-4.5C21,7.5,21.4,9.5,21.4,12\"><\/path><\/svg><span class=\"wp-block-social-link-label screen-reader-text\">Medium<\/span><\/a><\/li><\/ul>\n\n\n\n<hr class=\"wp-block-separator has-css-opacity is-style-dots\"\/>\n\n\n\n<p class=\"has-text-align-center has-regular-font-size\"><strong>Un poquito m\u00e1s de m\u00ed&#8230;<\/strong><\/p>\n\n\n\n<figure class=\"wp-block-gallery has-nested-images columns-4 is-cropped wp-block-gallery-1 is-layout-flex wp-block-gallery-is-layout-flex\">\n<figure class=\"wp-block-image size-medium\"><img fetchpriority=\"high\" decoding=\"async\" width=\"768\" height=\"1024\" data-id=\"744\" src=\"https:\/\/louruizma.com\/wp-content\/uploads\/2022\/01\/IMG_1173-768x1024.jpg\" alt=\"\" class=\"wp-image-744\" srcset=\"https:\/\/louruizma.com\/wp-content\/uploads\/2022\/01\/IMG_1173-768x1024.jpg 768w, https:\/\/louruizma.com\/wp-content\/uploads\/2022\/01\/IMG_1173-225x300.jpg 225w, https:\/\/louruizma.com\/wp-content\/uploads\/2022\/01\/IMG_1173-1152x1536.jpg 1152w, https:\/\/louruizma.com\/wp-content\/uploads\/2022\/01\/IMG_1173-1536x2048.jpg 1536w, https:\/\/louruizma.com\/wp-content\/uploads\/2022\/01\/IMG_1173-scaled.jpg 1920w\" sizes=\"(max-width: 768px) 100vw, 768px\" \/><\/figure>\n\n\n\n<figure class=\"wp-block-image size-medium\"><img decoding=\"async\" width=\"225\" height=\"300\" data-id=\"148\" src=\"https:\/\/louruizma.com\/wp-content\/uploads\/2021\/10\/IMG_5418-225x300.jpg\" alt=\"\" class=\"wp-image-148\" srcset=\"https:\/\/louruizma.com\/wp-content\/uploads\/2021\/10\/IMG_5418-225x300.jpg 225w, https:\/\/louruizma.com\/wp-content\/uploads\/2021\/10\/IMG_5418-768x1024.jpg 768w, https:\/\/louruizma.com\/wp-content\/uploads\/2021\/10\/IMG_5418-1152x1536.jpg 1152w, https:\/\/louruizma.com\/wp-content\/uploads\/2021\/10\/IMG_5418-640x853.jpg 640w, https:\/\/louruizma.com\/wp-content\/uploads\/2021\/10\/IMG_5418.jpg 1200w\" sizes=\"(max-width: 225px) 100vw, 225px\" \/><\/figure>\n\n\n\n<figure class=\"wp-block-image size-medium\"><img decoding=\"async\" width=\"225\" height=\"300\" data-id=\"147\" src=\"https:\/\/louruizma.com\/wp-content\/uploads\/2021\/10\/a6ff47bf-edb0-4791-b825-b67c1302459a-225x300.jpg\" alt=\"\" class=\"wp-image-147\" srcset=\"https:\/\/louruizma.com\/wp-content\/uploads\/2021\/10\/a6ff47bf-edb0-4791-b825-b67c1302459a-225x300.jpg 225w, https:\/\/louruizma.com\/wp-content\/uploads\/2021\/10\/a6ff47bf-edb0-4791-b825-b67c1302459a-768x1024.jpg 768w, https:\/\/louruizma.com\/wp-content\/uploads\/2021\/10\/a6ff47bf-edb0-4791-b825-b67c1302459a-1152x1536.jpg 1152w, https:\/\/louruizma.com\/wp-content\/uploads\/2021\/10\/a6ff47bf-edb0-4791-b825-b67c1302459a-640x853.jpg 640w, https:\/\/louruizma.com\/wp-content\/uploads\/2021\/10\/a6ff47bf-edb0-4791-b825-b67c1302459a.jpg 1536w\" sizes=\"(max-width: 225px) 100vw, 225px\" \/><\/figure>\n\n\n\n<figure class=\"wp-block-image size-medium\"><img loading=\"lazy\" decoding=\"async\" width=\"225\" height=\"300\" data-id=\"154\" src=\"https:\/\/louruizma.com\/wp-content\/uploads\/2021\/10\/IMG_0639-225x300.jpg\" alt=\"\" class=\"wp-image-154\" srcset=\"https:\/\/louruizma.com\/wp-content\/uploads\/2021\/10\/IMG_0639-225x300.jpg 225w, https:\/\/louruizma.com\/wp-content\/uploads\/2021\/10\/IMG_0639-768x1024.jpg 768w, https:\/\/louruizma.com\/wp-content\/uploads\/2021\/10\/IMG_0639-1152x1536.jpg 1152w, https:\/\/louruizma.com\/wp-content\/uploads\/2021\/10\/IMG_0639-1536x2048.jpg 1536w, https:\/\/louruizma.com\/wp-content\/uploads\/2021\/10\/IMG_0639-640x853.jpg 640w, https:\/\/louruizma.com\/wp-content\/uploads\/2021\/10\/IMG_0639-scaled.jpg 1920w\" sizes=\"(max-width: 225px) 100vw, 225px\" \/><\/figure>\n\n\n\n<figure class=\"wp-block-image size-medium\"><img loading=\"lazy\" decoding=\"async\" width=\"768\" height=\"1024\" data-id=\"743\" src=\"https:\/\/louruizma.com\/wp-content\/uploads\/2022\/01\/IMG_2338-768x1024.jpg\" alt=\"\" class=\"wp-image-743\" srcset=\"https:\/\/louruizma.com\/wp-content\/uploads\/2022\/01\/IMG_2338-768x1024.jpg 768w, https:\/\/louruizma.com\/wp-content\/uploads\/2022\/01\/IMG_2338-225x300.jpg 225w, https:\/\/louruizma.com\/wp-content\/uploads\/2022\/01\/IMG_2338-1152x1536.jpg 1152w, https:\/\/louruizma.com\/wp-content\/uploads\/2022\/01\/IMG_2338-1536x2048.jpg 1536w, https:\/\/louruizma.com\/wp-content\/uploads\/2022\/01\/IMG_2338-scaled.jpg 1920w\" sizes=\"(max-width: 768px) 100vw, 768px\" \/><\/figure>\n\n\n\n<figure class=\"wp-block-image size-medium\"><img loading=\"lazy\" decoding=\"async\" width=\"768\" height=\"1024\" data-id=\"745\" src=\"https:\/\/louruizma.com\/wp-content\/uploads\/2022\/01\/3999a52a-8a25-47f7-8f51-da6d7b624d5e.jpg\" alt=\"\" class=\"wp-image-745\" srcset=\"https:\/\/louruizma.com\/wp-content\/uploads\/2022\/01\/3999a52a-8a25-47f7-8f51-da6d7b624d5e.jpg 768w, https:\/\/louruizma.com\/wp-content\/uploads\/2022\/01\/3999a52a-8a25-47f7-8f51-da6d7b624d5e-225x300.jpg 225w\" sizes=\"(max-width: 768px) 100vw, 768px\" \/><\/figure>\n\n\n\n<figure class=\"wp-block-image size-medium\"><img loading=\"lazy\" decoding=\"async\" width=\"225\" height=\"300\" data-id=\"144\" src=\"https:\/\/louruizma.com\/wp-content\/uploads\/2021\/10\/IMG_1138-225x300.jpg\" alt=\"\" class=\"wp-image-144\" srcset=\"https:\/\/louruizma.com\/wp-content\/uploads\/2021\/10\/IMG_1138-225x300.jpg 225w, https:\/\/louruizma.com\/wp-content\/uploads\/2021\/10\/IMG_1138-768x1024.jpg 768w, https:\/\/louruizma.com\/wp-content\/uploads\/2021\/10\/IMG_1138-1152x1536.jpg 1152w, https:\/\/louruizma.com\/wp-content\/uploads\/2021\/10\/IMG_1138-1536x2048.jpg 1536w, https:\/\/louruizma.com\/wp-content\/uploads\/2021\/10\/IMG_1138-640x853.jpg 640w, https:\/\/louruizma.com\/wp-content\/uploads\/2021\/10\/IMG_1138-scaled.jpg 1920w\" sizes=\"(max-width: 225px) 100vw, 225px\" \/><\/figure>\n<\/figure>\n\n\n\n<p><\/p>\n","protected":false},"excerpt":{"rendered":"<p>Curiosa y positiva por naturaleza, me apasiona la tecnolog\u00eda y los retos creativos.<\/p>\n","protected":false},"author":3,"featured_media":998,"parent":0,"menu_order":0,"comment_status":"closed","ping_status":"closed","template":"","meta":{"footnotes":""},"class_list":["post-67","page","type-page","status-publish","has-post-thumbnail","hentry","has-thumbnail"],"_links":{"self":[{"href":"https:\/\/louruizma.com\/index.php?rest_route=\/wp\/v2\/pages\/67","targetHints":{"allow":["GET"]}}],"collection":[{"href":"https:\/\/louruizma.com\/index.php?rest_route=\/wp\/v2\/pages"}],"about":[{"href":"https:\/\/louruizma.com\/index.php?rest_route=\/wp\/v2\/types\/page"}],"author":[{"embeddable":true,"href":"https:\/\/louruizma.com\/index.php?rest_route=\/wp\/v2\/users\/3"}],"replies":[{"embeddable":true,"href":"https:\/\/louruizma.com\/index.php?rest_route=%2Fwp%2Fv2%2Fcomments&post=67"}],"version-history":[{"count":10,"href":"https:\/\/louruizma.com\/index.php?rest_route=\/wp\/v2\/pages\/67\/revisions"}],"predecessor-version":[{"id":1132,"href":"https:\/\/louruizma.com\/index.php?rest_route=\/wp\/v2\/pages\/67\/revisions\/1132"}],"wp:featuredmedia":[{"embeddable":true,"href":"https:\/\/louruizma.com\/index.php?rest_route=\/wp\/v2\/media\/998"}],"wp:attachment":[{"href":"https:\/\/louruizma.com\/index.php?rest_route=%2Fwp%2Fv2%2Fmedia&parent=67"}],"curies":[{"name":"wp","href":"https:\/\/api.w.org\/{rel}","templated":true}]}}