{"id":131,"date":"2021-10-26T12:54:59","date_gmt":"2021-10-26T12:54:59","guid":{"rendered":"https:\/\/louruizma.com\/?page_id=131"},"modified":"2022-03-10T13:10:13","modified_gmt":"2022-03-10T13:10:13","slug":"work","status":"publish","type":"page","link":"https:\/\/louruizma.com\/?page_id=131","title":{"rendered":"Proyectos"},"content":{"rendered":"\n<div class=\"wp-block-group\"><div class=\"wp-block-group__inner-container is-layout-flow wp-block-group-is-layout-flow\"><ul class=\"wp-block-latest-posts__list aligncenter wp-block-latest-posts\"><li><div class=\"wp-block-latest-posts__featured-image\"><a href=\"https:\/\/louruizma.com\/?p=88\" aria-label=\"Cinex \u00b7 App de cine con listas de seguimiento\"><img fetchpriority=\"high\" decoding=\"async\" width=\"560\" height=\"422\" src=\"https:\/\/louruizma.com\/wp-content\/uploads\/2021\/12\/pruega-cinex-1024x772.jpg\" class=\"attachment-large size-large wp-post-image\" alt=\"\" style=\"max-width:1200px;max-height:1024px;\" srcset=\"https:\/\/louruizma.com\/wp-content\/uploads\/2021\/12\/pruega-cinex-1024x772.jpg 1024w, https:\/\/louruizma.com\/wp-content\/uploads\/2021\/12\/pruega-cinex-300x226.jpg 300w, https:\/\/louruizma.com\/wp-content\/uploads\/2021\/12\/pruega-cinex-768x579.jpg 768w, https:\/\/louruizma.com\/wp-content\/uploads\/2021\/12\/pruega-cinex-1536x1158.jpg 1536w, https:\/\/louruizma.com\/wp-content\/uploads\/2021\/12\/pruega-cinex-2048x1545.jpg 2048w, https:\/\/louruizma.com\/wp-content\/uploads\/2021\/12\/pruega-cinex-1200x905.jpg 1200w, https:\/\/louruizma.com\/wp-content\/uploads\/2021\/12\/pruega-cinex-1860x1403.jpg 1860w\" sizes=\"(max-width: 560px) 100vw, 560px\" \/><\/a><\/div><a class=\"wp-block-latest-posts__post-title\" href=\"https:\/\/louruizma.com\/?p=88\">Cinex \u00b7 App de cine con listas de seguimiento<\/a><div class=\"wp-block-latest-posts__post-excerpt\">Proyecto individual \u00b7 App en la que se facilita el proceso de compra de entradas de cine, con listas de seguimiento de las pel\u00edculas y notificaciones personalizadas<\/div><\/li>\n<li><div class=\"wp-block-latest-posts__featured-image\"><a href=\"https:\/\/louruizma.com\/?p=227\" aria-label=\"iPlan \u00b7 Web para la planificaci\u00f3n escolar de los profesores\"><img decoding=\"async\" width=\"560\" height=\"422\" src=\"https:\/\/louruizma.com\/wp-content\/uploads\/2021\/11\/cover-iplan-1024x772.jpg\" class=\"attachment-large size-large wp-post-image\" alt=\"iPlan. Sistema de planificaci\u00f3n autom\u00e1tica para profesores\" style=\"max-width:1200px;max-height:1024px;\" srcset=\"https:\/\/louruizma.com\/wp-content\/uploads\/2021\/11\/cover-iplan-1024x772.jpg 1024w, https:\/\/louruizma.com\/wp-content\/uploads\/2021\/11\/cover-iplan-300x226.jpg 300w, https:\/\/louruizma.com\/wp-content\/uploads\/2021\/11\/cover-iplan-768x579.jpg 768w, https:\/\/louruizma.com\/wp-content\/uploads\/2021\/11\/cover-iplan-1536x1158.jpg 1536w, https:\/\/louruizma.com\/wp-content\/uploads\/2021\/11\/cover-iplan-2048x1545.jpg 2048w\" sizes=\"(max-width: 560px) 100vw, 560px\" \/><\/a><\/div><a class=\"wp-block-latest-posts__post-title\" href=\"https:\/\/louruizma.com\/?p=227\">iPlan \u00b7 Web para la planificaci\u00f3n escolar de los profesores<\/a><div class=\"wp-block-latest-posts__post-excerpt\">Proyecto individual \u00b7 Web para la planificaci\u00f3n manual y autom\u00e1tica del curso escolar para profesores.<\/div><\/li>\n<li><div class=\"wp-block-latest-posts__featured-image\"><a href=\"https:\/\/louruizma.com\/?p=749\" aria-label=\"Tres Rosas Amarillas \u00b7 Redise\u00f1o web\"><img decoding=\"async\" width=\"560\" height=\"316\" src=\"https:\/\/louruizma.com\/wp-content\/uploads\/2021\/09\/Cover-1-1024x578.jpg\" class=\"attachment-large size-large wp-post-image\" alt=\"\" style=\"max-width:1200px;max-height:1024px;\" srcset=\"https:\/\/louruizma.com\/wp-content\/uploads\/2021\/09\/Cover-1-1024x578.jpg 1024w, https:\/\/louruizma.com\/wp-content\/uploads\/2021\/09\/Cover-1-300x169.jpg 300w, https:\/\/louruizma.com\/wp-content\/uploads\/2021\/09\/Cover-1-768x433.jpg 768w, https:\/\/louruizma.com\/wp-content\/uploads\/2021\/09\/Cover-1-1536x867.jpg 1536w, https:\/\/louruizma.com\/wp-content\/uploads\/2021\/09\/Cover-1-2048x1156.jpg 2048w\" sizes=\"(max-width: 560px) 100vw, 560px\" \/><\/a><\/div><a class=\"wp-block-latest-posts__post-title\" href=\"https:\/\/louruizma.com\/?p=749\">Tres Rosas Amarillas \u00b7 Redise\u00f1o web<\/a><div class=\"wp-block-latest-posts__post-excerpt\">Proyecto en equipo \u00b7 Redise\u00f1o web \u00b7 Arquitectura de la informaci\u00f3n \u00b7 UX Design \u00b7 UI Design<\/div><\/li>\n<li><div class=\"wp-block-latest-posts__featured-image\"><a href=\"https:\/\/louruizma.com\/?p=259\" aria-label=\"Songkick \u00b7 Add a feature\"><img loading=\"lazy\" decoding=\"async\" width=\"560\" height=\"421\" src=\"https:\/\/louruizma.com\/wp-content\/uploads\/2021\/10\/pruega-song-1024x770.jpg\" class=\"attachment-large size-large wp-post-image\" alt=\"\" style=\"max-width:1200px;max-height:1024px;\" srcset=\"https:\/\/louruizma.com\/wp-content\/uploads\/2021\/10\/pruega-song-1024x770.jpg 1024w, https:\/\/louruizma.com\/wp-content\/uploads\/2021\/10\/pruega-song-300x226.jpg 300w, https:\/\/louruizma.com\/wp-content\/uploads\/2021\/10\/pruega-song-768x577.jpg 768w, https:\/\/louruizma.com\/wp-content\/uploads\/2021\/10\/pruega-song-1536x1155.jpg 1536w, https:\/\/louruizma.com\/wp-content\/uploads\/2021\/10\/pruega-song-2048x1540.jpg 2048w\" sizes=\"(max-width: 560px) 100vw, 560px\" \/><\/a><\/div><a class=\"wp-block-latest-posts__post-title\" href=\"https:\/\/louruizma.com\/?p=259\">Songkick \u00b7 Add a feature<\/a><div class=\"wp-block-latest-posts__post-excerpt\">Proyecto en equipo \u00b7 Nueva funcionalidad para la app Songkick: \u00a1Me apunto! Ya no te quedar\u00e1s sin asistir a ning\u00fan concierto m\u00e1s por no tener con qui\u00e9n ir.<\/div><\/li>\n<\/ul><\/div><\/div>\n","protected":false},"excerpt":{"rendered":"","protected":false},"author":2,"featured_media":0,"parent":0,"menu_order":0,"comment_status":"closed","ping_status":"closed","template":"","meta":{"footnotes":""},"class_list":["post-131","page","type-page","status-publish","hentry","missing-thumbnail"],"_links":{"self":[{"href":"https:\/\/louruizma.com\/index.php?rest_route=\/wp\/v2\/pages\/131","targetHints":{"allow":["GET"]}}],"collection":[{"href":"https:\/\/louruizma.com\/index.php?rest_route=\/wp\/v2\/pages"}],"about":[{"href":"https:\/\/louruizma.com\/index.php?rest_route=\/wp\/v2\/types\/page"}],"author":[{"embeddable":true,"href":"https:\/\/louruizma.com\/index.php?rest_route=\/wp\/v2\/users\/2"}],"replies":[{"embeddable":true,"href":"https:\/\/louruizma.com\/index.php?rest_route=%2Fwp%2Fv2%2Fcomments&post=131"}],"version-history":[{"count":10,"href":"https:\/\/louruizma.com\/index.php?rest_route=\/wp\/v2\/pages\/131\/revisions"}],"predecessor-version":[{"id":1014,"href":"https:\/\/louruizma.com\/index.php?rest_route=\/wp\/v2\/pages\/131\/revisions\/1014"}],"wp:attachment":[{"href":"https:\/\/louruizma.com\/index.php?rest_route=%2Fwp%2Fv2%2Fmedia&parent=131"}],"curies":[{"name":"wp","href":"https:\/\/api.w.org\/{rel}","templated":true}]}}